{"id":1306,"date":"2026-02-23T11:26:05","date_gmt":"2026-02-23T09:26:05","guid":{"rendered":"https:\/\/tavestra.com\/?page_id=1306"},"modified":"2026-02-23T12:16:37","modified_gmt":"2026-02-23T10:16:37","slug":"saavutettavuus","status":"publish","type":"page","link":"https:\/\/tavestra.com\/en\/saavutettavuus\/","title":{"rendered":"Accessibility"},"content":{"rendered":"<h1 class=\"wp-block-heading\">Saavutettavuusseloste<\/h1>\n\n\n\n<p><strong>Tavestra<\/strong> (j\u00e4ljemp\u00e4n\u00e4 \u201dme\u201d) pyrkii takaamaan verkkosivustonsa saavutettavuuden digitaalisten palvelujen tarjoamisesta annetun lain (306\/2019) mukaisesti. T\u00e4m\u00e4 saavutettavuusseloste koskee verkkosivustoa: www.tavestra.com.<\/p>\n\n\n\n<h2 class=\"wp-block-heading\">Digipalvelun saavutettavuuden tila<\/h2>\n\n\n\n<p>T\u00e4m\u00e4 verkkosivusto t\u00e4ytt\u00e4\u00e4 saavutettavuusvaatimukset <strong>osittain<\/strong>. Vaatimusten noudattamatta j\u00e4tt\u00e4miset ja sovellettavat poikkeukset mainitaan j\u00e4ljemp\u00e4n\u00e4.<\/p>\n\n\n\n<h2 class=\"wp-block-heading\">Ei-saavutettava sis\u00e4lt\u00f6<\/h2>\n\n\n\n<p>Sivustolla on viel\u00e4 joitakin puutteita, joita pyrimme korjaamaan jatkuvasti:<\/p>\n\n\n\n<ol start=\"1\" class=\"wp-block-list\">\n<li><strong>Linkkien kuvaukset:<\/strong> Sivustolla saattaa olla linkkej\u00e4, joiden teksti on geneerinen (esim. \u201dLue lis\u00e4\u00e4\u201d), mik\u00e4 voi vaikeuttaa navigointia ruudunlukuohjelmalla.<\/li>\n\n\n\n<li><strong>Otsikoiden hierarkia<\/strong>: Sivuilla voi olla otsikoita, joissa on ohitettu otsikon hierarkiataso.<\/li>\n<\/ol>\n\n\n\n<h2 class=\"wp-block-heading\">T\u00e4m\u00e4n saavutettavuusselosteen laatiminen<\/h2>\n\n\n\n<p>T\u00e4m\u00e4 seloste on laadittu <strong>23.2.2026<\/strong>.<\/p>\n\n\n\n<p>Arvioinnissa on k\u00e4ytetty itsearviointia sek\u00e4 automaattisia testausty\u00f6kaluja, kuten WAVE.<\/p>\n\n\n\n<h2 class=\"wp-block-heading\">Palaute ja yhteystiedot<\/h2>\n\n\n\n<p>Jos huomaat sivustollamme saavutettavuusongelmia, voit antaa meille palautetta info@tavestra.com. Vastaamme palautteeseesi viimeist\u00e4\u00e4n 7 arkip\u00e4iv\u00e4n kuluessa loma-aikojen ulkopuolella.<\/p>\n\n\n\n<h2 class=\"wp-block-heading\">T\u00e4yt\u00e4nt\u00f6\u00f6npanomenettely<\/h2>\n\n\n\n<p>Jos huomaat saavutettavuusongelmia sivustollamme, anna ensin palautetta meille. Jos et ole tyytyv\u00e4inen saamaasi vastaukseen, tai et saa vastausta kahden viikon kuluessa, voit tehd\u00e4 ilmoituksen Liikenne- ja viestint\u00e4virasto Traficomiin.<\/p>\n\n\n\n<p><strong>Liikenne- ja viestint\u00e4virasto Traficom<\/strong><br>Saavutettavuusvalvonta<br>www.saavutettavuusvaatimukset.fi<br>saavutettavuus@traficom.fi<br>029 534 5000<\/p>\n\n\n\n<p><\/p>","protected":false},"excerpt":{"rendered":"<p>Saavutettavuusseloste Tavestra (j\u00e4ljemp\u00e4n\u00e4 \u201dme\u201d) pyrkii takaamaan verkkosivustonsa saavutettavuuden digitaalisten palvelujen tarjoamisesta annetun lain (306\/2019) mukaisesti. T\u00e4m\u00e4 saavutettavuusseloste koskee verkkosivustoa: www.tavestra.com. Digipalvelun saavutettavuuden tila T\u00e4m\u00e4 verkkosivusto t\u00e4ytt\u00e4\u00e4 saavutettavuusvaatimukset osittain. Vaatimusten noudattamatta j\u00e4tt\u00e4miset ja sovellettavat poikkeukset mainitaan j\u00e4ljemp\u00e4n\u00e4. Ei-saavutettava sis\u00e4lt\u00f6 Sivustolla on viel\u00e4 joitakin puutteita, joita pyrimme korjaamaan jatkuvasti: T\u00e4m\u00e4n saavutettavuusselosteen laatiminen T\u00e4m\u00e4 seloste on laadittu 23.2.2026. [&hellip;]<\/p>\n","protected":false},"author":2,"featured_media":0,"parent":0,"menu_order":0,"comment_status":"closed","ping_status":"closed","template":"","meta":{"_gspb_post_css":"","footnotes":""},"class_list":["post-1306","page","type-page","status-publish","hentry"],"blocksy_meta":{"page_structure_type":"type-3","styles_descriptor":{"styles":{"desktop":"","tablet":"","mobile":""},"google_fonts":[],"version":6}},"yoast_head":"<!-- This site is optimized with the Yoast SEO plugin v27.4 - https:\/\/yoast.com\/product\/yoast-seo-wordpress\/ -->\n<title>Saavutettavuusseloste \u2013 Tavestra<\/title>\n<meta name=\"description\" content=\"Kuvaus tavestra.com-verkkosivuston saavutettavuudesta digitaalisten palvelujen tarjoamisesta annetun lain (306\/2019) mukaisesti.\" \/>\n<meta name=\"robots\" content=\"index, follow, max-snippet:-1, max-image-preview:large, max-video-preview:-1\" \/>\n<link rel=\"canonical\" href=\"https:\/\/tavestra.com\/en\/saavutettavuus\/\" \/>\n<meta property=\"og:locale\" content=\"en_GB\" \/>\n<meta property=\"og:type\" content=\"article\" \/>\n<meta property=\"og:title\" content=\"Saavutettavuusseloste \u2013 Tavestra\" \/>\n<meta property=\"og:description\" content=\"Kuvaus tavestra.com-verkkosivuston saavutettavuudesta digitaalisten palvelujen tarjoamisesta annetun lain (306\/2019) mukaisesti.\" \/>\n<meta property=\"og:url\" content=\"https:\/\/tavestra.com\/en\/saavutettavuus\/\" \/>\n<meta property=\"og:site_name\" content=\"Suomi&ndash;Englanti-k&auml;&auml;nn&ouml;kset\" \/>\n<meta property=\"article:modified_time\" content=\"2026-02-23T10:16:37+00:00\" \/>\n<meta name=\"twitter:card\" content=\"summary_large_image\" \/>\n<meta name=\"twitter:label1\" content=\"Estimated reading time\" \/>\n\t<meta name=\"twitter:data1\" content=\"1 minute\" \/>\n<script type=\"application\/ld+json\" class=\"yoast-schema-graph\">{\"@context\":\"https:\\\/\\\/schema.org\",\"@graph\":[{\"@type\":\"WebPage\",\"@id\":\"https:\\\/\\\/tavestra.com\\\/saavutettavuus\\\/\",\"url\":\"https:\\\/\\\/tavestra.com\\\/saavutettavuus\\\/\",\"name\":\"Saavutettavuusseloste \u2013 Tavestra\",\"isPartOf\":{\"@id\":\"https:\\\/\\\/tavestra.com\\\/#website\"},\"datePublished\":\"2026-02-23T09:26:05+00:00\",\"dateModified\":\"2026-02-23T10:16:37+00:00\",\"description\":\"Kuvaus tavestra.com-verkkosivuston saavutettavuudesta digitaalisten palvelujen tarjoamisesta annetun lain (306\\\/2019) mukaisesti.\",\"breadcrumb\":{\"@id\":\"https:\\\/\\\/tavestra.com\\\/saavutettavuus\\\/#breadcrumb\"},\"inLanguage\":\"en-GB\",\"potentialAction\":[{\"@type\":\"ReadAction\",\"target\":[\"https:\\\/\\\/tavestra.com\\\/saavutettavuus\\\/\"]}]},{\"@type\":\"BreadcrumbList\",\"@id\":\"https:\\\/\\\/tavestra.com\\\/saavutettavuus\\\/#breadcrumb\",\"itemListElement\":[{\"@type\":\"ListItem\",\"position\":1,\"name\":\"Etusivu\",\"item\":\"https:\\\/\\\/tavestra.com\\\/\"},{\"@type\":\"ListItem\",\"position\":2,\"name\":\"Saavutettavuus\"}]},{\"@type\":\"WebSite\",\"@id\":\"https:\\\/\\\/tavestra.com\\\/#website\",\"url\":\"https:\\\/\\\/tavestra.com\\\/\",\"name\":\"Suomi&ndash;Englanti-k&auml;&auml;nn&ouml;kset\",\"description\":\"Tavestra-k&auml;&auml;nn&ouml;spalvelu\",\"publisher\":{\"@id\":\"https:\\\/\\\/tavestra.com\\\/#organization\"},\"potentialAction\":[{\"@type\":\"SearchAction\",\"target\":{\"@type\":\"EntryPoint\",\"urlTemplate\":\"https:\\\/\\\/tavestra.com\\\/?s={search_term_string}\"},\"query-input\":{\"@type\":\"PropertyValueSpecification\",\"valueRequired\":true,\"valueName\":\"search_term_string\"}}],\"inLanguage\":\"en-GB\"},{\"@type\":\"Organization\",\"@id\":\"https:\\\/\\\/tavestra.com\\\/#organization\",\"name\":\"Tavestra-k\u00e4\u00e4nn\u00f6spalvelu\",\"alternateName\":\"K\u00e4\u00e4nt\u00e4j\u00e4 Tarja Vesterinen\",\"url\":\"https:\\\/\\\/tavestra.com\\\/\",\"logo\":{\"@type\":\"ImageObject\",\"inLanguage\":\"en-GB\",\"@id\":\"https:\\\/\\\/tavestra.com\\\/#\\\/schema\\\/logo\\\/image\\\/\",\"url\":\"https:\\\/\\\/tavestra.com\\\/wp-content\\\/uploads\\\/2026\\\/02\\\/tavestra-logo.webp\",\"contentUrl\":\"https:\\\/\\\/tavestra.com\\\/wp-content\\\/uploads\\\/2026\\\/02\\\/tavestra-logo.webp\",\"width\":1542,\"height\":429,\"caption\":\"Tavestra-k\u00e4\u00e4nn\u00f6spalvelu\"},\"image\":{\"@id\":\"https:\\\/\\\/tavestra.com\\\/#\\\/schema\\\/logo\\\/image\\\/\"},\"sameAs\":[\"https:\\\/\\\/www.linkedin.com\\\/in\\\/tarja-vesterinen-939b0297\\\/\"]}]}<\/script>\n<!-- \/ Yoast SEO plugin. -->","yoast_head_json":{"title":"Saavutettavuusseloste \u2013 Tavestra","description":"Kuvaus tavestra.com-verkkosivuston saavutettavuudesta digitaalisten palvelujen tarjoamisesta annetun lain (306\/2019) mukaisesti.","robots":{"index":"index","follow":"follow","max-snippet":"max-snippet:-1","max-image-preview":"max-image-preview:large","max-video-preview":"max-video-preview:-1"},"canonical":"https:\/\/tavestra.com\/en\/saavutettavuus\/","og_locale":"en_GB","og_type":"article","og_title":"Saavutettavuusseloste \u2013 Tavestra","og_description":"Kuvaus tavestra.com-verkkosivuston saavutettavuudesta digitaalisten palvelujen tarjoamisesta annetun lain (306\/2019) mukaisesti.","og_url":"https:\/\/tavestra.com\/en\/saavutettavuus\/","og_site_name":"Suomi&ndash;Englanti-k&auml;&auml;nn&ouml;kset","article_modified_time":"2026-02-23T10:16:37+00:00","twitter_card":"summary_large_image","twitter_misc":{"Estimated reading time":"1 minute"},"schema":{"@context":"https:\/\/schema.org","@graph":[{"@type":"WebPage","@id":"https:\/\/tavestra.com\/saavutettavuus\/","url":"https:\/\/tavestra.com\/saavutettavuus\/","name":"Saavutettavuusseloste \u2013 Tavestra","isPartOf":{"@id":"https:\/\/tavestra.com\/#website"},"datePublished":"2026-02-23T09:26:05+00:00","dateModified":"2026-02-23T10:16:37+00:00","description":"Kuvaus tavestra.com-verkkosivuston saavutettavuudesta digitaalisten palvelujen tarjoamisesta annetun lain (306\/2019) mukaisesti.","breadcrumb":{"@id":"https:\/\/tavestra.com\/saavutettavuus\/#breadcrumb"},"inLanguage":"en-GB","potentialAction":[{"@type":"ReadAction","target":["https:\/\/tavestra.com\/saavutettavuus\/"]}]},{"@type":"BreadcrumbList","@id":"https:\/\/tavestra.com\/saavutettavuus\/#breadcrumb","itemListElement":[{"@type":"ListItem","position":1,"name":"Etusivu","item":"https:\/\/tavestra.com\/"},{"@type":"ListItem","position":2,"name":"Saavutettavuus"}]},{"@type":"WebSite","@id":"https:\/\/tavestra.com\/#website","url":"https:\/\/tavestra.com\/","name":"Suomi&ndash;Englanti-k&auml;&auml;nn&ouml;kset","description":"Tavestra-k&auml;&auml;nn&ouml;spalvelu","publisher":{"@id":"https:\/\/tavestra.com\/#organization"},"potentialAction":[{"@type":"SearchAction","target":{"@type":"EntryPoint","urlTemplate":"https:\/\/tavestra.com\/?s={search_term_string}"},"query-input":{"@type":"PropertyValueSpecification","valueRequired":true,"valueName":"search_term_string"}}],"inLanguage":"en-GB"},{"@type":"Organization","@id":"https:\/\/tavestra.com\/#organization","name":"Tavestra-k\u00e4\u00e4nn\u00f6spalvelu","alternateName":"K\u00e4\u00e4nt\u00e4j\u00e4 Tarja Vesterinen","url":"https:\/\/tavestra.com\/","logo":{"@type":"ImageObject","inLanguage":"en-GB","@id":"https:\/\/tavestra.com\/#\/schema\/logo\/image\/","url":"https:\/\/tavestra.com\/wp-content\/uploads\/2026\/02\/tavestra-logo.webp","contentUrl":"https:\/\/tavestra.com\/wp-content\/uploads\/2026\/02\/tavestra-logo.webp","width":1542,"height":429,"caption":"Tavestra-k\u00e4\u00e4nn\u00f6spalvelu"},"image":{"@id":"https:\/\/tavestra.com\/#\/schema\/logo\/image\/"},"sameAs":["https:\/\/www.linkedin.com\/in\/tarja-vesterinen-939b0297\/"]}]}},"_links":{"self":[{"href":"https:\/\/tavestra.com\/en\/wp-json\/wp\/v2\/pages\/1306","targetHints":{"allow":["GET"]}}],"collection":[{"href":"https:\/\/tavestra.com\/en\/wp-json\/wp\/v2\/pages"}],"about":[{"href":"https:\/\/tavestra.com\/en\/wp-json\/wp\/v2\/types\/page"}],"author":[{"embeddable":true,"href":"https:\/\/tavestra.com\/en\/wp-json\/wp\/v2\/users\/2"}],"replies":[{"embeddable":true,"href":"https:\/\/tavestra.com\/en\/wp-json\/wp\/v2\/comments?post=1306"}],"version-history":[{"count":0,"href":"https:\/\/tavestra.com\/en\/wp-json\/wp\/v2\/pages\/1306\/revisions"}],"wp:attachment":[{"href":"https:\/\/tavestra.com\/en\/wp-json\/wp\/v2\/media?parent=1306"}],"curies":[{"name":"wp","href":"https:\/\/api.w.org\/{rel}","templated":true}]}}