{"id":16,"date":"2026-02-02T08:15:46","date_gmt":"2026-02-02T08:15:46","guid":{"rendered":"https:\/\/tavestra.com\/?page_id=16"},"modified":"2026-03-18T10:46:20","modified_gmt":"2026-03-18T08:46:20","slug":"etusivu","status":"publish","type":"page","link":"https:\/\/tavestra.com\/en\/","title":{"rendered":"Etusivu"},"content":{"rendered":"\n<div class=\"wp-block-cover alignfull is-light has-custom-content-position is-position-top-left main-hero-mobile-custom tablet-spacing-border-fix has-xx-large-font-size\" style=\"border-style:none;border-width:0px;border-top-left-radius:0px;border-top-right-radius:0px;border-bottom-left-radius:0px;border-bottom-right-radius:0px;margin-top:0;margin-bottom:0;padding-top:0;padding-right:var(--wp--preset--spacing--80);padding-bottom:0;padding-left:var(--wp--preset--spacing--80);min-height:547px;aspect-ratio:unset;\"><img decoding=\"async\" width=\"1920\" height=\"1200\" class=\"wp-block-cover__image-background wp-image-915 size-full\" alt=\"Tavestran etusivun hero-taustakuva, abstrakti kuvituskuva kielest\u00e4\" src=\"https:\/\/tavestra.com\/wp-content\/uploads\/2026\/02\/tavestra-etusivu-hero-kieli-kuvituskuva-abstrakti.webp\" style=\"object-position:50% 100%\" data-object-fit=\"cover\" data-object-position=\"50% 100%\" srcset=\"https:\/\/tavestra.com\/wp-content\/uploads\/2026\/02\/tavestra-etusivu-hero-kieli-kuvituskuva-abstrakti.webp 1920w, https:\/\/tavestra.com\/wp-content\/uploads\/2026\/02\/tavestra-etusivu-hero-kieli-kuvituskuva-abstrakti-300x188.webp 300w, https:\/\/tavestra.com\/wp-content\/uploads\/2026\/02\/tavestra-etusivu-hero-kieli-kuvituskuva-abstrakti-1024x640.webp 1024w, https:\/\/tavestra.com\/wp-content\/uploads\/2026\/02\/tavestra-etusivu-hero-kieli-kuvituskuva-abstrakti-768x480.webp 768w, https:\/\/tavestra.com\/wp-content\/uploads\/2026\/02\/tavestra-etusivu-hero-kieli-kuvituskuva-abstrakti-1536x960.webp 1536w\" sizes=\"(max-width: 1920px) 100vw, 1920px\" \/><span aria-hidden=\"true\" class=\"wp-block-cover__background has-background-dim-0 has-background-dim\"><\/span><div class=\"wp-block-cover__inner-container is-layout-constrained wp-container-core-cover-is-layout-9b393f37 wp-block-cover-is-layout-constrained\">\n<h1 class=\"wp-block-heading has-text-align-left has-text-color has-link-color wp-elements-9ee35a1d28ff2052c99d736cd3eb8b68\" id=\"kaannokset-jotka-vievat-viestisi-perille\" style=\"color:#000fcd;margin-top:var(--wp--preset--spacing--60);margin-right:0rem;margin-bottom:var(--wp--preset--spacing--40);margin-left:0rem;padding-top:var(--wp--preset--spacing--40);padding-right:0;padding-bottom:var(--wp--preset--spacing--40);padding-left:0;font-size:clamp(35.641px, 2.228rem + ((1vw - 3.2px) * 2.294), 65px);font-style:normal;font-weight:700\">K\u00e4\u00e4nn\u00f6kset, jotka viev\u00e4t viestisi perille<\/h1>\n\n\n\n<p class=\"has-large-font-size\" style=\"margin-top:0px;margin-right:0;margin-bottom:0px;margin-left:0;padding-top:0;padding-right:0;padding-bottom:0;padding-left:0\">Englannista suomeksi ja suomesta englanniksi<\/p>\n\n\n\n<div class=\"wp-block-buttons is-vertical is-content-justification-left is-layout-flex wp-container-core-buttons-is-layout-2c5d08e2 wp-block-buttons-is-layout-flex\" style=\"margin-top:0;margin-bottom:0;padding-top:0;padding-right:0;padding-bottom:0;padding-left:0\">\n<div class=\"wp-block-button is-style-fill\"><a class=\"wp-block-button__link has-text-align-left wp-element-button\" href=\"https:\/\/tavestra.com\/kaannokset\/\">Katso ratkaisuni k\u00e4\u00e4nn\u00f6starpeisiisi<\/a><\/div>\n<\/div>\n<\/div><\/div>\n\n\n<style><\/style><style><\/style>\n<figure class=\"wp-block-pullquote alignfull has-text-align-left has-text-color has-background has-link-color wp-elements-fc94a62f29a445661a8705a2ecb4539e\" style=\"border-style:none;border-width:0px;border-top-left-radius:0px;border-top-right-radius:0px;border-bottom-left-radius:0px;border-bottom-right-radius:0px;color:#e3d7cb;background-color:#331c05;margin-right:0;margin-left:0;padding-right:15%;padding-left:15%;font-size:clamp(27.894px, 1.743rem + ((1vw - 3.2px) * 1.571), 48px);font-style:normal;font-weight:700\"><blockquote><p>Tarja Vesterinen ei k\u00e4\u00e4nn\u00e4 sanoja, vaan merkityksi\u00e4<\/p><cite>&#8221;Olemme tehneet yhteisty\u00f6t\u00e4 Tarja Vesterisen kanssa jo kymmenen vuoden ajan. Yhteisty\u00f6 on ollut alusta asti sujuvaa ja mutkatonta. Tarja on tehnyt meille erityisesti suomi-englanti-k\u00e4\u00e4nn\u00f6ksi\u00e4 laajasti eri valtionhallinnon organisaatiolle, virastoille ja korkeakouluille. Toimeksiannot ovat vaihdelleet laajuudeltaan ja sis\u00e4ll\u00f6lt\u00e4\u00e4n, ja kaikissa projekteissa ty\u00f6n j\u00e4lki on ollut laadukasta. My\u00f6s loppuasiakkaamme ovat antaneet Tarjan k\u00e4\u00e4nn\u00f6ksist\u00e4 erinomaista palautetta; er\u00e4s merkitt\u00e4v\u00e4 asiakkaamme on luonnehtinut h\u00e4nt\u00e4 \u201ctodella hyv\u00e4ksi k\u00e4\u00e4nt\u00e4j\u00e4ksi, joka ei k\u00e4\u00e4nn\u00e4 sanoja, vaan l\u00f6yt\u00e4\u00e4 idiomaattisen tavan ilmaista suomelle tyypillisi\u00e4 sanontoja ja joskus aika kryptisi\u00e4kin lauseparsia\u201d. Me arvostamme erityisesti Tarjan kyky\u00e4 omaksua erilaisia sis\u00e4lt\u00f6j\u00e4 ja tekstityylej\u00e4 sek\u00e4 joustavaa ja ratkaisukeskeist\u00e4 ty\u00f6otetta.&#8221; \u2013 <strong>Lingsoft<\/strong><\/cite><\/blockquote><\/figure>\n\n\n\n<div class=\"wp-block-media-text alignwide has-media-on-the-right is-stacked-on-mobile is-vertically-aligned-center\" style=\"border-style:none;border-width:0px;border-top-left-radius:0px;border-top-right-radius:0px;border-bottom-left-radius:0px;border-bottom-right-radius:0px;margin-top:var(--wp--preset--spacing--70);margin-right:0;margin-bottom:var(--wp--preset--spacing--70);margin-left:0;padding-top:0;padding-right:0;padding-bottom:0;padding-left:0;grid-template-columns:auto 33%\"><div class=\"wp-block-media-text__content\">\n<h2 class=\"wp-block-heading\" id=\"valita-sanomasi-asiateksteista-luoviin-sisaltoihin\">V\u00e4lit\u00e4 sanomasi \u2014 asiateksteist\u00e4 luoviin sis\u00e4lt\u00f6ihin<\/h2>\n\n\n\n<p style=\"font-size:clamp(14px, 0.875rem + ((1vw - 3.2px) * 0.313), 18px);\">Varmista, ett\u00e4 viestisi v\u00e4littyy tekstin lajista riippumatta, tarkoista asiateksteist\u00e4 luoviin kaupallisiin sis\u00e4lt\u00f6ihin. Saat k\u00e4ytt\u00f6\u00f6si kumppanin, joka palvelee kaikenkokoisia yrityksi\u00e4, julkista sektoria ja yksityishenkil\u00f6it\u00e4, suoraan tai alihankkijana. 30 vuoden monipuolisen kokemukseni takuulla voit luottaa laatuun.<\/p>\n\n\n\n<div class=\"wp-block-buttons is-layout-flex wp-block-buttons-is-layout-flex\">\n<div class=\"wp-block-button is-style-outline is-style-outline--1\"><a class=\"wp-block-button__link wp-element-button\" href=\"https:\/\/tavestra.com\/kaannokset\/\">Lue lis\u00e4\u00e4<\/a><\/div>\n<\/div>\n<\/div><figure class=\"wp-block-media-text__media\"><img decoding=\"async\" width=\"1024\" height=\"1024\" src=\"https:\/\/tavestra.com\/wp-content\/uploads\/2026\/02\/tarja-vesterinen-suomi-englanti-kaantaja-1024x1024.webp\" alt=\"\" class=\"wp-image-1320 size-full\" srcset=\"https:\/\/tavestra.com\/wp-content\/uploads\/2026\/02\/tarja-vesterinen-suomi-englanti-kaantaja-1024x1024.webp 1024w, https:\/\/tavestra.com\/wp-content\/uploads\/2026\/02\/tarja-vesterinen-suomi-englanti-kaantaja-300x300.webp 300w, https:\/\/tavestra.com\/wp-content\/uploads\/2026\/02\/tarja-vesterinen-suomi-englanti-kaantaja-150x150.webp 150w, https:\/\/tavestra.com\/wp-content\/uploads\/2026\/02\/tarja-vesterinen-suomi-englanti-kaantaja-768x768.webp 768w, https:\/\/tavestra.com\/wp-content\/uploads\/2026\/02\/tarja-vesterinen-suomi-englanti-kaantaja.webp 1400w\" sizes=\"(max-width: 1024px) 100vw, 1024px\" \/><\/figure><\/div>\n\n\n\n<hr class=\"wp-block-separator alignfull has-alpha-channel-opacity is-style-wide\"\/>\n\n\n\n<h2 class=\"wp-block-heading alignwide has-text-align-left\" id=\"viedaan-viestisi-perille\" style=\"margin-top:var(--wp--preset--spacing--70)\">Vied\u00e4\u00e4n viestisi perille.<\/h2>\n\n\n\n<h3 class=\"wp-block-heading has-text-align-left\" id=\"kerro-kaannostarpeesi\">Kerro k\u00e4\u00e4nn\u00f6starpeesi:<\/h3>\n\n\n\n<div class=\"forminator-guttenberg\"><form id=\"forminator-module-238\" class=\"forminator-custom-form forminator-custom-form-238\" method=\"post\" data-forminator-render=\"0\" data-uid=\"69e1d1fb14133\"><div role=\"alert\" aria-live=\"polite\" class=\"forminator-response-message forminator-error\" aria-hidden=\"true\"><\/div><\/form><\/div>\n\n\n\n<p>050 536 4294 \/ info@tavestra.com<\/p>\n\n\n\n<style>\n@media (max-width:600px) {\n[data-vertical-spacing*=top] {\n    padding-top: 0 !important; \n}\nh1 {\npadding-top: 80px !important; \n}\n}\n\n<\/style>\n","protected":false},"excerpt":{"rendered":"<p>Vied\u00e4\u00e4n viestisi perille. Kerro k\u00e4\u00e4nn\u00f6starpeesi: 050 536 4294 \/ info@tavestra.com<\/p>","protected":false},"author":2,"featured_media":0,"parent":0,"menu_order":0,"comment_status":"closed","ping_status":"closed","template":"","meta":{"_gspb_post_css":"","footnotes":""},"class_list":["post-16","page","type-page","status-publish","hentry"],"blocksy_meta":{"page_structure_type":"default","content_style_source":"inherit","content_style":"wide","vertical_spacing_source":"inherit","content_area_spacing":"top","styles_descriptor":{"styles":{"desktop":"","tablet":"","mobile":""},"google_fonts":[],"version":6}},"yoast_head":"<!-- This site is optimized with the Yoast SEO plugin v27.4 - https:\/\/yoast.com\/product\/yoast-seo-wordpress\/ -->\n<title>Suomi\u2013Englanti-k\u00e4\u00e4nn\u00f6kset \/ Tavestra-k\u00e4\u00e4nn\u00f6spalvelu<\/title>\n<meta name=\"description\" content=\"K\u00e4\u00e4nn\u00f6kset, jotka viev\u00e4t viestisi perille, englannista suomeksi ja suomesta englanniksi.\" \/>\n<meta name=\"robots\" content=\"index, follow, max-snippet:-1, max-image-preview:large, max-video-preview:-1\" \/>\n<link rel=\"canonical\" href=\"https:\/\/tavestra.com\/en\/\" \/>\n<meta property=\"og:locale\" content=\"en_GB\" \/>\n<meta property=\"og:type\" content=\"article\" \/>\n<meta property=\"og:title\" content=\"Suomi\u2013Englanti-k\u00e4\u00e4nn\u00f6kset \/ Tavestra-k\u00e4\u00e4nn\u00f6spalvelu\" \/>\n<meta property=\"og:description\" content=\"K\u00e4\u00e4nn\u00f6kset, jotka viev\u00e4t viestisi perille, englannista suomeksi ja suomesta englanniksi.\" \/>\n<meta property=\"og:url\" content=\"https:\/\/tavestra.com\/en\/\" \/>\n<meta property=\"og:site_name\" content=\"Suomi&ndash;Englanti-k&auml;&auml;nn&ouml;kset\" \/>\n<meta property=\"article:modified_time\" content=\"2026-03-18T08:46:20+00:00\" \/>\n<meta property=\"og:image\" content=\"https:\/\/tavestra.com\/wp-content\/uploads\/2026\/02\/tavestra-etusivu-hero-kieli-kuvituskuva-abstrakti.webp\" \/>\n\t<meta property=\"og:image:width\" content=\"1920\" \/>\n\t<meta property=\"og:image:height\" content=\"1200\" \/>\n\t<meta property=\"og:image:type\" content=\"image\/webp\" \/>\n<meta name=\"twitter:card\" content=\"summary_large_image\" \/>\n<meta name=\"twitter:label1\" content=\"Estimated reading time\" \/>\n\t<meta name=\"twitter:data1\" content=\"1 minute\" \/>\n<script type=\"application\/ld+json\" class=\"yoast-schema-graph\">{\"@context\":\"https:\\\/\\\/schema.org\",\"@graph\":[{\"@type\":\"WebPage\",\"@id\":\"https:\\\/\\\/tavestra.com\\\/\",\"url\":\"https:\\\/\\\/tavestra.com\\\/\",\"name\":\"Suomi\u2013Englanti-k\u00e4\u00e4nn\u00f6kset \\\/ Tavestra-k\u00e4\u00e4nn\u00f6spalvelu\",\"isPartOf\":{\"@id\":\"https:\\\/\\\/tavestra.com\\\/#website\"},\"primaryImageOfPage\":{\"@id\":\"https:\\\/\\\/tavestra.com\\\/#primaryimage\"},\"image\":{\"@id\":\"https:\\\/\\\/tavestra.com\\\/#primaryimage\"},\"thumbnailUrl\":\"https:\\\/\\\/tavestra.com\\\/wp-content\\\/uploads\\\/2026\\\/02\\\/tavestra-etusivu-hero-kieli-kuvituskuva-abstrakti.webp\",\"datePublished\":\"2026-02-02T08:15:46+00:00\",\"dateModified\":\"2026-03-18T08:46:20+00:00\",\"description\":\"K\u00e4\u00e4nn\u00f6kset, jotka viev\u00e4t viestisi perille, englannista suomeksi ja suomesta englanniksi.\",\"breadcrumb\":{\"@id\":\"https:\\\/\\\/tavestra.com\\\/#breadcrumb\"},\"inLanguage\":\"en-GB\",\"potentialAction\":[{\"@type\":\"ReadAction\",\"target\":[\"https:\\\/\\\/tavestra.com\\\/\"]}]},{\"@type\":\"ImageObject\",\"inLanguage\":\"en-GB\",\"@id\":\"https:\\\/\\\/tavestra.com\\\/#primaryimage\",\"url\":\"https:\\\/\\\/tavestra.com\\\/wp-content\\\/uploads\\\/2026\\\/02\\\/tavestra-etusivu-hero-kieli-kuvituskuva-abstrakti.webp\",\"contentUrl\":\"https:\\\/\\\/tavestra.com\\\/wp-content\\\/uploads\\\/2026\\\/02\\\/tavestra-etusivu-hero-kieli-kuvituskuva-abstrakti.webp\"},{\"@type\":\"BreadcrumbList\",\"@id\":\"https:\\\/\\\/tavestra.com\\\/#breadcrumb\",\"itemListElement\":[{\"@type\":\"ListItem\",\"position\":1,\"name\":\"Etusivu\",\"item\":\"https:\\\/\\\/tavestra.com\\\/\"},{\"@type\":\"ListItem\",\"position\":2,\"name\":\"Etusivu\"}]},{\"@type\":\"WebSite\",\"@id\":\"https:\\\/\\\/tavestra.com\\\/#website\",\"url\":\"https:\\\/\\\/tavestra.com\\\/\",\"name\":\"Suomi&ndash;Englanti-k&auml;&auml;nn&ouml;kset\",\"description\":\"Tavestra-k&auml;&auml;nn&ouml;spalvelu\",\"publisher\":{\"@id\":\"https:\\\/\\\/tavestra.com\\\/#organization\"},\"potentialAction\":[{\"@type\":\"SearchAction\",\"target\":{\"@type\":\"EntryPoint\",\"urlTemplate\":\"https:\\\/\\\/tavestra.com\\\/?s={search_term_string}\"},\"query-input\":{\"@type\":\"PropertyValueSpecification\",\"valueRequired\":true,\"valueName\":\"search_term_string\"}}],\"inLanguage\":\"en-GB\"},{\"@type\":\"Organization\",\"@id\":\"https:\\\/\\\/tavestra.com\\\/#organization\",\"name\":\"Tavestra-k\u00e4\u00e4nn\u00f6spalvelu\",\"alternateName\":\"K\u00e4\u00e4nt\u00e4j\u00e4 Tarja Vesterinen\",\"url\":\"https:\\\/\\\/tavestra.com\\\/\",\"logo\":{\"@type\":\"ImageObject\",\"inLanguage\":\"en-GB\",\"@id\":\"https:\\\/\\\/tavestra.com\\\/#\\\/schema\\\/logo\\\/image\\\/\",\"url\":\"https:\\\/\\\/tavestra.com\\\/wp-content\\\/uploads\\\/2026\\\/02\\\/tavestra-logo.webp\",\"contentUrl\":\"https:\\\/\\\/tavestra.com\\\/wp-content\\\/uploads\\\/2026\\\/02\\\/tavestra-logo.webp\",\"width\":1542,\"height\":429,\"caption\":\"Tavestra-k\u00e4\u00e4nn\u00f6spalvelu\"},\"image\":{\"@id\":\"https:\\\/\\\/tavestra.com\\\/#\\\/schema\\\/logo\\\/image\\\/\"},\"sameAs\":[\"https:\\\/\\\/www.linkedin.com\\\/in\\\/tarja-vesterinen-939b0297\\\/\"]}]}<\/script>\n<!-- \/ Yoast SEO plugin. -->","yoast_head_json":{"title":"Suomi\u2013Englanti-k\u00e4\u00e4nn\u00f6kset \/ Tavestra-k\u00e4\u00e4nn\u00f6spalvelu","description":"K\u00e4\u00e4nn\u00f6kset, jotka viev\u00e4t viestisi perille, englannista suomeksi ja suomesta englanniksi.","robots":{"index":"index","follow":"follow","max-snippet":"max-snippet:-1","max-image-preview":"max-image-preview:large","max-video-preview":"max-video-preview:-1"},"canonical":"https:\/\/tavestra.com\/en\/","og_locale":"en_GB","og_type":"article","og_title":"Suomi\u2013Englanti-k\u00e4\u00e4nn\u00f6kset \/ Tavestra-k\u00e4\u00e4nn\u00f6spalvelu","og_description":"K\u00e4\u00e4nn\u00f6kset, jotka viev\u00e4t viestisi perille, englannista suomeksi ja suomesta englanniksi.","og_url":"https:\/\/tavestra.com\/en\/","og_site_name":"Suomi&ndash;Englanti-k&auml;&auml;nn&ouml;kset","article_modified_time":"2026-03-18T08:46:20+00:00","og_image":[{"width":1920,"height":1200,"url":"https:\/\/tavestra.com\/wp-content\/uploads\/2026\/02\/tavestra-etusivu-hero-kieli-kuvituskuva-abstrakti.webp","type":"image\/webp"}],"twitter_card":"summary_large_image","twitter_misc":{"Estimated reading time":"1 minute"},"schema":{"@context":"https:\/\/schema.org","@graph":[{"@type":"WebPage","@id":"https:\/\/tavestra.com\/","url":"https:\/\/tavestra.com\/","name":"Suomi\u2013Englanti-k\u00e4\u00e4nn\u00f6kset \/ Tavestra-k\u00e4\u00e4nn\u00f6spalvelu","isPartOf":{"@id":"https:\/\/tavestra.com\/#website"},"primaryImageOfPage":{"@id":"https:\/\/tavestra.com\/#primaryimage"},"image":{"@id":"https:\/\/tavestra.com\/#primaryimage"},"thumbnailUrl":"https:\/\/tavestra.com\/wp-content\/uploads\/2026\/02\/tavestra-etusivu-hero-kieli-kuvituskuva-abstrakti.webp","datePublished":"2026-02-02T08:15:46+00:00","dateModified":"2026-03-18T08:46:20+00:00","description":"K\u00e4\u00e4nn\u00f6kset, jotka viev\u00e4t viestisi perille, englannista suomeksi ja suomesta englanniksi.","breadcrumb":{"@id":"https:\/\/tavestra.com\/#breadcrumb"},"inLanguage":"en-GB","potentialAction":[{"@type":"ReadAction","target":["https:\/\/tavestra.com\/"]}]},{"@type":"ImageObject","inLanguage":"en-GB","@id":"https:\/\/tavestra.com\/#primaryimage","url":"https:\/\/tavestra.com\/wp-content\/uploads\/2026\/02\/tavestra-etusivu-hero-kieli-kuvituskuva-abstrakti.webp","contentUrl":"https:\/\/tavestra.com\/wp-content\/uploads\/2026\/02\/tavestra-etusivu-hero-kieli-kuvituskuva-abstrakti.webp"},{"@type":"BreadcrumbList","@id":"https:\/\/tavestra.com\/#breadcrumb","itemListElement":[{"@type":"ListItem","position":1,"name":"Etusivu","item":"https:\/\/tavestra.com\/"},{"@type":"ListItem","position":2,"name":"Etusivu"}]},{"@type":"WebSite","@id":"https:\/\/tavestra.com\/#website","url":"https:\/\/tavestra.com\/","name":"Suomi&ndash;Englanti-k&auml;&auml;nn&ouml;kset","description":"Tavestra-k&auml;&auml;nn&ouml;spalvelu","publisher":{"@id":"https:\/\/tavestra.com\/#organization"},"potentialAction":[{"@type":"SearchAction","target":{"@type":"EntryPoint","urlTemplate":"https:\/\/tavestra.com\/?s={search_term_string}"},"query-input":{"@type":"PropertyValueSpecification","valueRequired":true,"valueName":"search_term_string"}}],"inLanguage":"en-GB"},{"@type":"Organization","@id":"https:\/\/tavestra.com\/#organization","name":"Tavestra-k\u00e4\u00e4nn\u00f6spalvelu","alternateName":"K\u00e4\u00e4nt\u00e4j\u00e4 Tarja Vesterinen","url":"https:\/\/tavestra.com\/","logo":{"@type":"ImageObject","inLanguage":"en-GB","@id":"https:\/\/tavestra.com\/#\/schema\/logo\/image\/","url":"https:\/\/tavestra.com\/wp-content\/uploads\/2026\/02\/tavestra-logo.webp","contentUrl":"https:\/\/tavestra.com\/wp-content\/uploads\/2026\/02\/tavestra-logo.webp","width":1542,"height":429,"caption":"Tavestra-k\u00e4\u00e4nn\u00f6spalvelu"},"image":{"@id":"https:\/\/tavestra.com\/#\/schema\/logo\/image\/"},"sameAs":["https:\/\/www.linkedin.com\/in\/tarja-vesterinen-939b0297\/"]}]}},"_links":{"self":[{"href":"https:\/\/tavestra.com\/en\/wp-json\/wp\/v2\/pages\/16","targetHints":{"allow":["GET"]}}],"collection":[{"href":"https:\/\/tavestra.com\/en\/wp-json\/wp\/v2\/pages"}],"about":[{"href":"https:\/\/tavestra.com\/en\/wp-json\/wp\/v2\/types\/page"}],"author":[{"embeddable":true,"href":"https:\/\/tavestra.com\/en\/wp-json\/wp\/v2\/users\/2"}],"replies":[{"embeddable":true,"href":"https:\/\/tavestra.com\/en\/wp-json\/wp\/v2\/comments?post=16"}],"version-history":[{"count":16,"href":"https:\/\/tavestra.com\/en\/wp-json\/wp\/v2\/pages\/16\/revisions"}],"predecessor-version":[{"id":1693,"href":"https:\/\/tavestra.com\/en\/wp-json\/wp\/v2\/pages\/16\/revisions\/1693"}],"wp:attachment":[{"href":"https:\/\/tavestra.com\/en\/wp-json\/wp\/v2\/media?parent=16"}],"curies":[{"name":"wp","href":"https:\/\/api.w.org\/{rel}","templated":true}]}}