{"id":277,"date":"2026-02-04T23:07:28","date_gmt":"2026-02-04T23:07:28","guid":{"rendered":"https:\/\/tavestra.com\/?page_id=277"},"modified":"2026-03-16T11:01:06","modified_gmt":"2026-03-16T09:01:06","slug":"usein-kysyttya","status":"publish","type":"page","link":"https:\/\/tavestra.com\/en\/usein-kysyttya\/","title":{"rendered":"Frequently asked questions"},"content":{"rendered":"<h1 class=\"wp-block-heading\" id=\"usein-kysyttya\" style=\"margin-top:0;margin-bottom:0\">Frequently asked questions<\/h1>\n\n\n\n<div class=\"wp-block-group is-content-justification-left is-layout-constrained wp-container-core-group-is-layout-13312d3a wp-block-group-is-layout-constrained\" style=\"margin-top:var(--wp--preset--spacing--70);margin-bottom:var(--wp--preset--spacing--60)\">\n<div data-wp-context=\"{ &quot;autoclose&quot;: true, &quot;accordionItems&quot;: [] }\" data-wp-interactive=\"core\/accordion\" role=\"group\" class=\"wp-block-accordion is-layout-flow wp-container-core-accordion-is-layout-119bc444 wp-block-accordion-is-layout-flow\" style=\"border-style:none;border-width:0px\">\n<div data-wp-class--is-open=\"state.isOpen\" data-wp-context=\"{ &quot;id&quot;: &quot;accordion-item-1&quot;, &quot;openByDefault&quot;: false }\" data-wp-init=\"callbacks.initAccordionItems\" data-wp-on-window--hashchange=\"callbacks.hashChange\" class=\"wp-block-accordion-item is-layout-flow wp-block-accordion-item-is-layout-flow\" style=\"border-bottom-width:1px\">\n<h3 class=\"wp-block-accordion-heading has-text-color has-link-color wp-elements-aa02fd5e277dc462686dc02b1818257a\" style=\"border-style:none;border-width:0px;color:#331c05;font-size:clamp(17.905px, 1.119rem + ((1vw - 3.2px) * 0.789), 28px);font-style:normal;font-weight:400\"><button aria-expanded=\"false\" aria-controls=\"accordion-item-1-panel\" data-wp-bind--aria-expanded=\"state.isOpen\" data-wp-on--click=\"actions.toggle\" data-wp-on--keydown=\"actions.handleKeyDown\" id=\"accordion-item-1\" type=\"button\" class=\"wp-block-accordion-heading__toggle\"><span class=\"wp-block-accordion-heading__toggle-title\">Mill\u00e4 kielill\u00e4 k\u00e4\u00e4nn\u00e4t?<\/span><span class=\"wp-block-accordion-heading__toggle-icon\" aria-hidden=\"true\">+<\/span><\/button><\/h3>\n\n\n\n<div inert aria-labelledby=\"accordion-item-1\" data-wp-bind--inert=\"!state.isOpen\" id=\"accordion-item-1-panel\" role=\"region\" class=\"wp-block-accordion-panel is-layout-flow wp-block-accordion-panel-is-layout-flow\" style=\"padding-bottom:var(--wp--preset--spacing--40)\">\n<p>Englanti-suomi ja suomi-englanti<br><\/p>\n<\/div>\n<\/div>\n\n\n\n<div data-wp-class--is-open=\"state.isOpen\" data-wp-context=\"{ &quot;id&quot;: &quot;accordion-item-2&quot;, &quot;openByDefault&quot;: false }\" data-wp-init=\"callbacks.initAccordionItems\" data-wp-on-window--hashchange=\"callbacks.hashChange\" class=\"wp-block-accordion-item is-layout-flow wp-block-accordion-item-is-layout-flow\" style=\"border-bottom-width:1px\">\n<h3 class=\"wp-block-accordion-heading has-text-color has-link-color wp-elements-a4152652baf024bb2561e533508d2d73\" style=\"border-style:none;border-width:0px;color:#331c05;font-size:clamp(17.905px, 1.119rem + ((1vw - 3.2px) * 0.789), 28px);font-style:normal;font-weight:400\"><button aria-expanded=\"false\" aria-controls=\"accordion-item-2-panel\" data-wp-bind--aria-expanded=\"state.isOpen\" data-wp-on--click=\"actions.toggle\" data-wp-on--keydown=\"actions.handleKeyDown\" id=\"accordion-item-2\" type=\"button\" class=\"wp-block-accordion-heading__toggle\"><span class=\"wp-block-accordion-heading__toggle-title\">Mill\u00e4 aikataululla saan valmiin k\u00e4\u00e4nn\u00f6ksen?<\/span><span class=\"wp-block-accordion-heading__toggle-icon\" aria-hidden=\"true\">+<\/span><\/button><\/h3>\n\n\n\n<div inert aria-labelledby=\"accordion-item-2\" data-wp-bind--inert=\"!state.isOpen\" id=\"accordion-item-2-panel\" role=\"region\" class=\"wp-block-accordion-panel is-layout-flow wp-block-accordion-panel-is-layout-flow\" style=\"padding-bottom:var(--wp--preset--spacing--40)\">\n<p>Aikataulu riippuu ty\u00f6n laajuudesta ja luonteesta. Tyypillisesti parin sivun k\u00e4\u00e4nn\u00f6ksen saat parissa p\u00e4iv\u00e4ss\u00e4, ja laajemmassa ty\u00f6ss\u00e4, kuten koko verkkosivuston k\u00e4\u00e4nn\u00f6ksess\u00e4, on ainakin viikon toimitusaika. Parhaiten selvi\u00e4\u00e4, kun <a href=\"https:\/\/tavestra.com\/en\/kaannokset\/#solutions-cf\" type=\"link\" id=\"https:\/\/tavestra.com\/kaannokset#solutions-cf\">kysyt<\/a>. \ud83d\ude0a<\/p>\n<\/div>\n<\/div>\n\n\n\n<div data-wp-class--is-open=\"state.isOpen\" data-wp-context=\"{ &quot;id&quot;: &quot;accordion-item-3&quot;, &quot;openByDefault&quot;: false }\" data-wp-init=\"callbacks.initAccordionItems\" data-wp-on-window--hashchange=\"callbacks.hashChange\" class=\"wp-block-accordion-item is-layout-flow wp-block-accordion-item-is-layout-flow\" style=\"border-right-style:none;border-right-width:0px;border-bottom-width:1px;border-left-style:none;border-left-width:0px\">\n<h3 class=\"wp-block-accordion-heading has-text-color has-link-color wp-elements-530bfb177f0dafa4427f35f6b3774635\" style=\"border-style:none;border-width:0px;color:#331c05;font-size:clamp(17.905px, 1.119rem + ((1vw - 3.2px) * 0.789), 28px);font-style:normal;font-weight:400\"><button aria-expanded=\"false\" aria-controls=\"accordion-item-3-panel\" data-wp-bind--aria-expanded=\"state.isOpen\" data-wp-on--click=\"actions.toggle\" data-wp-on--keydown=\"actions.handleKeyDown\" id=\"accordion-item-3\" type=\"button\" class=\"wp-block-accordion-heading__toggle\"><span class=\"wp-block-accordion-heading__toggle-title\">Mik\u00e4 on asiakkaan rooli k\u00e4\u00e4nn\u00f6ksiss\u00e4?<\/span><span class=\"wp-block-accordion-heading__toggle-icon\" aria-hidden=\"true\">+<\/span><\/button><\/h3>\n\n\n\n<div inert aria-labelledby=\"accordion-item-3\" data-wp-bind--inert=\"!state.isOpen\" id=\"accordion-item-3-panel\" role=\"region\" class=\"wp-block-accordion-panel is-layout-flow wp-block-accordion-panel-is-layout-flow\" style=\"padding-top:0;padding-bottom:var(--wp--preset--spacing--40)\">\n<p>Paras lopputulos k\u00e4\u00e4nn\u00f6ksiss\u00e4 syntyy asiakkaan ja k\u00e4\u00e4nt\u00e4j\u00e4n yhteisty\u00f6n\u00e4. K\u00e4\u00e4nt\u00e4j\u00e4 hallitsee kielen, ja asiakas on organisaationsa asiantuntija.<\/p>\n\n\n\n<p>Asiakkaana t\u00e4rkeimm\u00e4t teht\u00e4v\u00e4si ovat:<\/p>\n\n\n\n<ul class=\"wp-block-list\">\n<li>M\u00e4\u00e4ritt\u00e4\u00e4 tavoite: Kenelle teksti on tarkoitettu ja mit\u00e4 sill\u00e4 halutaan saavuttaa?<\/li>\n\n\n\n<li>Linjata tyyli: Ohjeistaa k\u00e4\u00e4nt\u00e4j\u00e4\u00e4 toivotusta \u00e4\u00e4nens\u00e4vyst\u00e4.<\/li>\n\n\n\n<li>Ohjeistaa: V\u00e4litt\u00e4\u00e4 oleelliset ohjeet, vastata k\u00e4\u00e4nt\u00e4j\u00e4n teksti\u00e4 koskeviin kysymyksiin ja antaa palautetta k\u00e4\u00e4nn\u00f6ksest\u00e4.<br><\/li>\n<\/ul>\n<\/div>\n<\/div>\n\n\n\n<div data-wp-class--is-open=\"state.isOpen\" data-wp-context=\"{ &quot;id&quot;: &quot;accordion-item-4&quot;, &quot;openByDefault&quot;: false }\" data-wp-init=\"callbacks.initAccordionItems\" data-wp-on-window--hashchange=\"callbacks.hashChange\" class=\"wp-block-accordion-item is-layout-flow wp-block-accordion-item-is-layout-flow\" style=\"border-bottom-width:1px\">\n<h3 class=\"wp-block-accordion-heading has-text-color has-link-color wp-elements-5cd941a4357f644fc189e63b727b00b4\" style=\"border-style:none;border-width:0px;color:#331c05;font-size:clamp(17.905px, 1.119rem + ((1vw - 3.2px) * 0.789), 28px);font-style:normal;font-weight:400\"><button aria-expanded=\"false\" aria-controls=\"accordion-item-4-panel\" data-wp-bind--aria-expanded=\"state.isOpen\" data-wp-on--click=\"actions.toggle\" data-wp-on--keydown=\"actions.handleKeyDown\" id=\"accordion-item-4\" type=\"button\" class=\"wp-block-accordion-heading__toggle\"><span class=\"wp-block-accordion-heading__toggle-title\">Millainen on onnistunut k\u00e4\u00e4nn\u00f6s?<\/span><span class=\"wp-block-accordion-heading__toggle-icon\" aria-hidden=\"true\">+<\/span><\/button><\/h3>\n\n\n\n<div inert aria-labelledby=\"accordion-item-4\" data-wp-bind--inert=\"!state.isOpen\" id=\"accordion-item-4-panel\" role=\"region\" class=\"wp-block-accordion-panel is-layout-flow wp-block-accordion-panel-is-layout-flow\" style=\"padding-bottom:var(--wp--preset--spacing--40)\">\n<p>Hyv\u00e4 k\u00e4\u00e4nn\u00f6s v\u00e4litt\u00e4\u00e4 viestin kohderyhm\u00e4lleen sellaisena, kun asiakas on sen tarkoittanut. T\u00e4m\u00e4 tarkoittaa usein muun muassa kohdekielen kulttuurierojen ja sanontojen huomioimista k\u00e4\u00e4nn\u00f6ksess\u00e4.<br><\/p>\n<\/div>\n<\/div>\n\n\n\n<div data-wp-class--is-open=\"state.isOpen\" data-wp-context=\"{ &quot;id&quot;: &quot;accordion-item-5&quot;, &quot;openByDefault&quot;: false }\" data-wp-init=\"callbacks.initAccordionItems\" data-wp-on-window--hashchange=\"callbacks.hashChange\" class=\"wp-block-accordion-item is-layout-flow wp-block-accordion-item-is-layout-flow\" style=\"border-bottom-width:1px\">\n<h3 class=\"wp-block-accordion-heading has-text-color has-link-color wp-elements-05be969b651ba43819355a9edf1994e7\" style=\"border-style:none;border-width:0px;color:#331c05;font-size:clamp(17.905px, 1.119rem + ((1vw - 3.2px) * 0.789), 28px);font-style:normal;font-weight:400\"><button aria-expanded=\"false\" aria-controls=\"accordion-item-5-panel\" data-wp-bind--aria-expanded=\"state.isOpen\" data-wp-on--click=\"actions.toggle\" data-wp-on--keydown=\"actions.handleKeyDown\" id=\"accordion-item-5\" type=\"button\" class=\"wp-block-accordion-heading__toggle\"><span class=\"wp-block-accordion-heading__toggle-title\">Mill\u00e4 maantieteellisell\u00e4 alueella toimit?<\/span><span class=\"wp-block-accordion-heading__toggle-icon\" aria-hidden=\"true\">+<\/span><\/button><\/h3>\n\n\n\n<div inert aria-labelledby=\"accordion-item-5\" data-wp-bind--inert=\"!state.isOpen\" id=\"accordion-item-5-panel\" role=\"region\" class=\"wp-block-accordion-panel is-layout-flow wp-block-accordion-panel-is-layout-flow\" style=\"padding-bottom:var(--wp--preset--spacing--40)\">\n<p>Ty\u00f6skentelen Helsingin Lauttasaaressa, mutta toiminta-alueeni on koko Suomi. Otan my\u00f6s ulkomaisia asiakkaita.<br><\/p>\n<\/div>\n<\/div>\n\n\n\n<div data-wp-class--is-open=\"state.isOpen\" data-wp-context=\"{ &quot;id&quot;: &quot;accordion-item-6&quot;, &quot;openByDefault&quot;: false }\" data-wp-init=\"callbacks.initAccordionItems\" data-wp-on-window--hashchange=\"callbacks.hashChange\" class=\"wp-block-accordion-item is-layout-flow wp-block-accordion-item-is-layout-flow\" style=\"border-bottom-width:1px\">\n<h3 class=\"wp-block-accordion-heading has-text-color has-link-color wp-elements-ccd4453eba2711c161ce25515ffbf293\" style=\"border-style:none;border-width:0px;color:#331c05;font-size:clamp(17.905px, 1.119rem + ((1vw - 3.2px) * 0.789), 28px);font-style:normal;font-weight:400\"><button aria-expanded=\"false\" aria-controls=\"accordion-item-6-panel\" data-wp-bind--aria-expanded=\"state.isOpen\" data-wp-on--click=\"actions.toggle\" data-wp-on--keydown=\"actions.handleKeyDown\" id=\"accordion-item-6\" type=\"button\" class=\"wp-block-accordion-heading__toggle\"><span class=\"wp-block-accordion-heading__toggle-title\">Mit\u00e4 k\u00e4\u00e4nn\u00f6sty\u00f6kaluja k\u00e4yt\u00e4t?<\/span><span class=\"wp-block-accordion-heading__toggle-icon\" aria-hidden=\"true\">+<\/span><\/button><\/h3>\n\n\n\n<div inert aria-labelledby=\"accordion-item-6\" data-wp-bind--inert=\"!state.isOpen\" id=\"accordion-item-6-panel\" role=\"region\" class=\"wp-block-accordion-panel is-layout-flow wp-block-accordion-panel-is-layout-flow\" style=\"padding-bottom:var(--wp--preset--spacing--40)\">\n<p>K\u00e4yt\u00e4n SDL Trados Studion k\u00e4\u00e4nn\u00f6sty\u00f6kalua, mutta voin tarvittaessa ty\u00f6skennell\u00e4 my\u00f6s Memsourcen ja MemoQ:n k\u00e4\u00e4nn\u00f6sohjelmilla.<br><\/p>\n<\/div>\n<\/div>\n<\/div>\n<\/div>","protected":false},"excerpt":{"rendered":"<p>Frequently asked questions<\/p>","protected":false},"author":2,"featured_media":0,"parent":0,"menu_order":0,"comment_status":"closed","ping_status":"closed","template":"","meta":{"_gspb_post_css":"","footnotes":""},"class_list":["post-277","page","type-page","status-publish","hentry"],"blocksy_meta":{"page_structure_type":"type-3","styles_descriptor":{"styles":{"desktop":"","tablet":"","mobile":""},"google_fonts":[],"version":6}},"yoast_head":"<!-- This site is optimized with the Yoast SEO plugin v27.4 - https:\/\/yoast.com\/product\/yoast-seo-wordpress\/ -->\n<title>Usein kysytty\u00e4 k\u00e4\u00e4nn\u00f6ksist\u00e4 \u2013 Tavestra-k\u00e4\u00e4nn\u00f6spalvelu<\/title>\n<meta name=\"description\" content=\"L\u00f6yd\u00e4 vastauksia usein kysyttyihin kysymyksiin mm. k\u00e4\u00e4nt\u00e4misen prosessista, aikatauluista, ja millainen on hyv\u00e4 k\u00e4\u00e4nn\u00f6s.\" \/>\n<meta name=\"robots\" content=\"index, follow, max-snippet:-1, max-image-preview:large, max-video-preview:-1\" \/>\n<link rel=\"canonical\" href=\"https:\/\/tavestra.com\/en\/usein-kysyttya\/\" \/>\n<meta property=\"og:locale\" content=\"en_GB\" \/>\n<meta property=\"og:type\" content=\"article\" \/>\n<meta property=\"og:title\" content=\"Usein kysytty\u00e4 k\u00e4\u00e4nn\u00f6ksist\u00e4 \u2013 Tavestra-k\u00e4\u00e4nn\u00f6spalvelu\" \/>\n<meta property=\"og:description\" content=\"L\u00f6yd\u00e4 vastauksia usein kysyttyihin kysymyksiin mm. k\u00e4\u00e4nt\u00e4misen prosessista, aikatauluista, ja millainen on hyv\u00e4 k\u00e4\u00e4nn\u00f6s.\" \/>\n<meta property=\"og:url\" content=\"https:\/\/tavestra.com\/en\/usein-kysyttya\/\" \/>\n<meta property=\"og:site_name\" content=\"Suomi&ndash;Englanti-k&auml;&auml;nn&ouml;kset\" \/>\n<meta property=\"article:modified_time\" content=\"2026-03-16T09:01:06+00:00\" \/>\n<meta name=\"twitter:card\" content=\"summary_large_image\" \/>\n<meta name=\"twitter:label1\" content=\"Estimated reading time\" \/>\n\t<meta name=\"twitter:data1\" content=\"1 minute\" \/>\n<script type=\"application\/ld+json\" class=\"yoast-schema-graph\">{\"@context\":\"https:\\\/\\\/schema.org\",\"@graph\":[{\"@type\":\"WebPage\",\"@id\":\"https:\\\/\\\/tavestra.com\\\/usein-kysyttya\\\/\",\"url\":\"https:\\\/\\\/tavestra.com\\\/usein-kysyttya\\\/\",\"name\":\"Usein kysytty\u00e4 k\u00e4\u00e4nn\u00f6ksist\u00e4 \u2013 Tavestra-k\u00e4\u00e4nn\u00f6spalvelu\",\"isPartOf\":{\"@id\":\"https:\\\/\\\/tavestra.com\\\/#website\"},\"datePublished\":\"2026-02-04T23:07:28+00:00\",\"dateModified\":\"2026-03-16T09:01:06+00:00\",\"description\":\"L\u00f6yd\u00e4 vastauksia usein kysyttyihin kysymyksiin mm. k\u00e4\u00e4nt\u00e4misen prosessista, aikatauluista, ja millainen on hyv\u00e4 k\u00e4\u00e4nn\u00f6s.\",\"breadcrumb\":{\"@id\":\"https:\\\/\\\/tavestra.com\\\/usein-kysyttya\\\/#breadcrumb\"},\"inLanguage\":\"en-GB\",\"potentialAction\":[{\"@type\":\"ReadAction\",\"target\":[\"https:\\\/\\\/tavestra.com\\\/usein-kysyttya\\\/\"]}]},{\"@type\":\"BreadcrumbList\",\"@id\":\"https:\\\/\\\/tavestra.com\\\/usein-kysyttya\\\/#breadcrumb\",\"itemListElement\":[{\"@type\":\"ListItem\",\"position\":1,\"name\":\"Etusivu\",\"item\":\"https:\\\/\\\/tavestra.com\\\/\"},{\"@type\":\"ListItem\",\"position\":2,\"name\":\"Usein kysytty\u00e4\"}]},{\"@type\":\"WebSite\",\"@id\":\"https:\\\/\\\/tavestra.com\\\/#website\",\"url\":\"https:\\\/\\\/tavestra.com\\\/\",\"name\":\"Suomi&ndash;Englanti-k&auml;&auml;nn&ouml;kset\",\"description\":\"Tavestra-k&auml;&auml;nn&ouml;spalvelu\",\"publisher\":{\"@id\":\"https:\\\/\\\/tavestra.com\\\/#organization\"},\"potentialAction\":[{\"@type\":\"SearchAction\",\"target\":{\"@type\":\"EntryPoint\",\"urlTemplate\":\"https:\\\/\\\/tavestra.com\\\/?s={search_term_string}\"},\"query-input\":{\"@type\":\"PropertyValueSpecification\",\"valueRequired\":true,\"valueName\":\"search_term_string\"}}],\"inLanguage\":\"en-GB\"},{\"@type\":\"Organization\",\"@id\":\"https:\\\/\\\/tavestra.com\\\/#organization\",\"name\":\"Tavestra-k\u00e4\u00e4nn\u00f6spalvelu\",\"alternateName\":\"K\u00e4\u00e4nt\u00e4j\u00e4 Tarja Vesterinen\",\"url\":\"https:\\\/\\\/tavestra.com\\\/\",\"logo\":{\"@type\":\"ImageObject\",\"inLanguage\":\"en-GB\",\"@id\":\"https:\\\/\\\/tavestra.com\\\/#\\\/schema\\\/logo\\\/image\\\/\",\"url\":\"https:\\\/\\\/tavestra.com\\\/wp-content\\\/uploads\\\/2026\\\/02\\\/tavestra-logo.webp\",\"contentUrl\":\"https:\\\/\\\/tavestra.com\\\/wp-content\\\/uploads\\\/2026\\\/02\\\/tavestra-logo.webp\",\"width\":1542,\"height\":429,\"caption\":\"Tavestra-k\u00e4\u00e4nn\u00f6spalvelu\"},\"image\":{\"@id\":\"https:\\\/\\\/tavestra.com\\\/#\\\/schema\\\/logo\\\/image\\\/\"},\"sameAs\":[\"https:\\\/\\\/www.linkedin.com\\\/in\\\/tarja-vesterinen-939b0297\\\/\"]}]}<\/script>\n<!-- \/ Yoast SEO plugin. -->","yoast_head_json":{"title":"Usein kysytty\u00e4 k\u00e4\u00e4nn\u00f6ksist\u00e4 \u2013 Tavestra-k\u00e4\u00e4nn\u00f6spalvelu","description":"L\u00f6yd\u00e4 vastauksia usein kysyttyihin kysymyksiin mm. k\u00e4\u00e4nt\u00e4misen prosessista, aikatauluista, ja millainen on hyv\u00e4 k\u00e4\u00e4nn\u00f6s.","robots":{"index":"index","follow":"follow","max-snippet":"max-snippet:-1","max-image-preview":"max-image-preview:large","max-video-preview":"max-video-preview:-1"},"canonical":"https:\/\/tavestra.com\/en\/usein-kysyttya\/","og_locale":"en_GB","og_type":"article","og_title":"Usein kysytty\u00e4 k\u00e4\u00e4nn\u00f6ksist\u00e4 \u2013 Tavestra-k\u00e4\u00e4nn\u00f6spalvelu","og_description":"L\u00f6yd\u00e4 vastauksia usein kysyttyihin kysymyksiin mm. k\u00e4\u00e4nt\u00e4misen prosessista, aikatauluista, ja millainen on hyv\u00e4 k\u00e4\u00e4nn\u00f6s.","og_url":"https:\/\/tavestra.com\/en\/usein-kysyttya\/","og_site_name":"Suomi&ndash;Englanti-k&auml;&auml;nn&ouml;kset","article_modified_time":"2026-03-16T09:01:06+00:00","twitter_card":"summary_large_image","twitter_misc":{"Estimated reading time":"1 minute"},"schema":{"@context":"https:\/\/schema.org","@graph":[{"@type":"WebPage","@id":"https:\/\/tavestra.com\/usein-kysyttya\/","url":"https:\/\/tavestra.com\/usein-kysyttya\/","name":"Usein kysytty\u00e4 k\u00e4\u00e4nn\u00f6ksist\u00e4 \u2013 Tavestra-k\u00e4\u00e4nn\u00f6spalvelu","isPartOf":{"@id":"https:\/\/tavestra.com\/#website"},"datePublished":"2026-02-04T23:07:28+00:00","dateModified":"2026-03-16T09:01:06+00:00","description":"L\u00f6yd\u00e4 vastauksia usein kysyttyihin kysymyksiin mm. k\u00e4\u00e4nt\u00e4misen prosessista, aikatauluista, ja millainen on hyv\u00e4 k\u00e4\u00e4nn\u00f6s.","breadcrumb":{"@id":"https:\/\/tavestra.com\/usein-kysyttya\/#breadcrumb"},"inLanguage":"en-GB","potentialAction":[{"@type":"ReadAction","target":["https:\/\/tavestra.com\/usein-kysyttya\/"]}]},{"@type":"BreadcrumbList","@id":"https:\/\/tavestra.com\/usein-kysyttya\/#breadcrumb","itemListElement":[{"@type":"ListItem","position":1,"name":"Etusivu","item":"https:\/\/tavestra.com\/"},{"@type":"ListItem","position":2,"name":"Usein kysytty\u00e4"}]},{"@type":"WebSite","@id":"https:\/\/tavestra.com\/#website","url":"https:\/\/tavestra.com\/","name":"Suomi&ndash;Englanti-k&auml;&auml;nn&ouml;kset","description":"Tavestra-k&auml;&auml;nn&ouml;spalvelu","publisher":{"@id":"https:\/\/tavestra.com\/#organization"},"potentialAction":[{"@type":"SearchAction","target":{"@type":"EntryPoint","urlTemplate":"https:\/\/tavestra.com\/?s={search_term_string}"},"query-input":{"@type":"PropertyValueSpecification","valueRequired":true,"valueName":"search_term_string"}}],"inLanguage":"en-GB"},{"@type":"Organization","@id":"https:\/\/tavestra.com\/#organization","name":"Tavestra-k\u00e4\u00e4nn\u00f6spalvelu","alternateName":"K\u00e4\u00e4nt\u00e4j\u00e4 Tarja Vesterinen","url":"https:\/\/tavestra.com\/","logo":{"@type":"ImageObject","inLanguage":"en-GB","@id":"https:\/\/tavestra.com\/#\/schema\/logo\/image\/","url":"https:\/\/tavestra.com\/wp-content\/uploads\/2026\/02\/tavestra-logo.webp","contentUrl":"https:\/\/tavestra.com\/wp-content\/uploads\/2026\/02\/tavestra-logo.webp","width":1542,"height":429,"caption":"Tavestra-k\u00e4\u00e4nn\u00f6spalvelu"},"image":{"@id":"https:\/\/tavestra.com\/#\/schema\/logo\/image\/"},"sameAs":["https:\/\/www.linkedin.com\/in\/tarja-vesterinen-939b0297\/"]}]}},"_links":{"self":[{"href":"https:\/\/tavestra.com\/en\/wp-json\/wp\/v2\/pages\/277","targetHints":{"allow":["GET"]}}],"collection":[{"href":"https:\/\/tavestra.com\/en\/wp-json\/wp\/v2\/pages"}],"about":[{"href":"https:\/\/tavestra.com\/en\/wp-json\/wp\/v2\/types\/page"}],"author":[{"embeddable":true,"href":"https:\/\/tavestra.com\/en\/wp-json\/wp\/v2\/users\/2"}],"replies":[{"embeddable":true,"href":"https:\/\/tavestra.com\/en\/wp-json\/wp\/v2\/comments?post=277"}],"version-history":[{"count":6,"href":"https:\/\/tavestra.com\/en\/wp-json\/wp\/v2\/pages\/277\/revisions"}],"predecessor-version":[{"id":1596,"href":"https:\/\/tavestra.com\/en\/wp-json\/wp\/v2\/pages\/277\/revisions\/1596"}],"wp:attachment":[{"href":"https:\/\/tavestra.com\/en\/wp-json\/wp\/v2\/media?parent=277"}],"curies":[{"name":"wp","href":"https:\/\/api.w.org\/{rel}","templated":true}]}}