{"id":72,"date":"2026-02-02T14:08:48","date_gmt":"2026-02-02T14:08:48","guid":{"rendered":"https:\/\/tavestra.com\/?page_id=72"},"modified":"2026-02-13T15:20:17","modified_gmt":"2026-02-13T15:20:17","slug":"maininnat","status":"publish","type":"page","link":"https:\/\/tavestra.com\/en\/maininnat\/","title":{"rendered":"citations from"},"content":{"rendered":"<h1 class=\"wp-block-heading\">citations from<\/h1>\n\n\n\n<p>Ikonit: <a href=\"https:\/\/www.flaticon.com\/uicons\" target=\"_blank\" rel=\"noreferrer noopener\">Flaticon<\/a><br>Sitaatti-ikoni: <a href=\"https:\/\/www.flaticon.com\/free-icons\/quote\" data-type=\"link\" data-id=\"https:\/\/www.flaticon.com\/free-icons\/quote\" target=\"_blank\" rel=\"noreferrer noopener\">Icon Mela \u2013 Flaticon<\/a><\/p>\n\n\n\n<p><\/p>","protected":false},"excerpt":{"rendered":"<p>Maininnat Ikonit: FlaticonSitaatti-ikoni: Icon Mela \u2013 Flaticon<\/p>","protected":false},"author":2,"featured_media":0,"parent":0,"menu_order":0,"comment_status":"closed","ping_status":"closed","template":"","meta":{"_gspb_post_css":"","footnotes":""},"class_list":["post-72","page","type-page","status-publish","hentry"],"blocksy_meta":[],"yoast_head":"<!-- This site is optimized with the Yoast SEO plugin v27.4 - https:\/\/yoast.com\/product\/yoast-seo-wordpress\/ -->\n<title>Maininnat &#8211; Suomi&ndash;Englanti-k&auml;&auml;nn&ouml;kset<\/title>\n<meta name=\"robots\" content=\"index, follow, max-snippet:-1, max-image-preview:large, max-video-preview:-1\" \/>\n<link rel=\"canonical\" href=\"https:\/\/tavestra.com\/en\/maininnat\/\" \/>\n<meta property=\"og:locale\" content=\"en_GB\" \/>\n<meta property=\"og:type\" content=\"article\" \/>\n<meta property=\"og:title\" content=\"Maininnat &#8211; Suomi&ndash;Englanti-k&auml;&auml;nn&ouml;kset\" \/>\n<meta property=\"og:description\" content=\"Maininnat Ikonit: FlaticonSitaatti-ikoni: Icon Mela \u2013 Flaticon\" \/>\n<meta property=\"og:url\" content=\"https:\/\/tavestra.com\/en\/maininnat\/\" \/>\n<meta property=\"og:site_name\" content=\"Suomi&ndash;Englanti-k&auml;&auml;nn&ouml;kset\" \/>\n<meta property=\"article:modified_time\" content=\"2026-02-13T15:20:17+00:00\" \/>\n<meta name=\"twitter:card\" content=\"summary_large_image\" \/>\n<script type=\"application\/ld+json\" class=\"yoast-schema-graph\">{\"@context\":\"https:\\\/\\\/schema.org\",\"@graph\":[{\"@type\":\"WebPage\",\"@id\":\"https:\\\/\\\/tavestra.com\\\/maininnat\\\/\",\"url\":\"https:\\\/\\\/tavestra.com\\\/maininnat\\\/\",\"name\":\"Maininnat &#8211; Suomi&ndash;Englanti-k&auml;&auml;nn&ouml;kset\",\"isPartOf\":{\"@id\":\"https:\\\/\\\/tavestra.com\\\/#website\"},\"datePublished\":\"2026-02-02T14:08:48+00:00\",\"dateModified\":\"2026-02-13T15:20:17+00:00\",\"breadcrumb\":{\"@id\":\"https:\\\/\\\/tavestra.com\\\/maininnat\\\/#breadcrumb\"},\"inLanguage\":\"en-GB\",\"potentialAction\":[{\"@type\":\"ReadAction\",\"target\":[\"https:\\\/\\\/tavestra.com\\\/maininnat\\\/\"]}]},{\"@type\":\"BreadcrumbList\",\"@id\":\"https:\\\/\\\/tavestra.com\\\/maininnat\\\/#breadcrumb\",\"itemListElement\":[{\"@type\":\"ListItem\",\"position\":1,\"name\":\"Etusivu\",\"item\":\"https:\\\/\\\/tavestra.com\\\/\"},{\"@type\":\"ListItem\",\"position\":2,\"name\":\"Maininnat\"}]},{\"@type\":\"WebSite\",\"@id\":\"https:\\\/\\\/tavestra.com\\\/#website\",\"url\":\"https:\\\/\\\/tavestra.com\\\/\",\"name\":\"Suomi&ndash;Englanti-k&auml;&auml;nn&ouml;kset\",\"description\":\"Tavestra-k&auml;&auml;nn&ouml;spalvelu\",\"publisher\":{\"@id\":\"https:\\\/\\\/tavestra.com\\\/#organization\"},\"potentialAction\":[{\"@type\":\"SearchAction\",\"target\":{\"@type\":\"EntryPoint\",\"urlTemplate\":\"https:\\\/\\\/tavestra.com\\\/?s={search_term_string}\"},\"query-input\":{\"@type\":\"PropertyValueSpecification\",\"valueRequired\":true,\"valueName\":\"search_term_string\"}}],\"inLanguage\":\"en-GB\"},{\"@type\":\"Organization\",\"@id\":\"https:\\\/\\\/tavestra.com\\\/#organization\",\"name\":\"Tavestra-k\u00e4\u00e4nn\u00f6spalvelu\",\"alternateName\":\"K\u00e4\u00e4nt\u00e4j\u00e4 Tarja Vesterinen\",\"url\":\"https:\\\/\\\/tavestra.com\\\/\",\"logo\":{\"@type\":\"ImageObject\",\"inLanguage\":\"en-GB\",\"@id\":\"https:\\\/\\\/tavestra.com\\\/#\\\/schema\\\/logo\\\/image\\\/\",\"url\":\"https:\\\/\\\/tavestra.com\\\/wp-content\\\/uploads\\\/2026\\\/02\\\/tavestra-logo.webp\",\"contentUrl\":\"https:\\\/\\\/tavestra.com\\\/wp-content\\\/uploads\\\/2026\\\/02\\\/tavestra-logo.webp\",\"width\":1542,\"height\":429,\"caption\":\"Tavestra-k\u00e4\u00e4nn\u00f6spalvelu\"},\"image\":{\"@id\":\"https:\\\/\\\/tavestra.com\\\/#\\\/schema\\\/logo\\\/image\\\/\"},\"sameAs\":[\"https:\\\/\\\/www.linkedin.com\\\/in\\\/tarja-vesterinen-939b0297\\\/\"]}]}<\/script>\n<!-- \/ Yoast SEO plugin. -->","yoast_head_json":{"title":"Maininnat &#8211; Suomi&ndash;Englanti-k&auml;&auml;nn&ouml;kset","robots":{"index":"index","follow":"follow","max-snippet":"max-snippet:-1","max-image-preview":"max-image-preview:large","max-video-preview":"max-video-preview:-1"},"canonical":"https:\/\/tavestra.com\/en\/maininnat\/","og_locale":"en_GB","og_type":"article","og_title":"Maininnat &#8211; Suomi&ndash;Englanti-k&auml;&auml;nn&ouml;kset","og_description":"Maininnat Ikonit: FlaticonSitaatti-ikoni: Icon Mela \u2013 Flaticon","og_url":"https:\/\/tavestra.com\/en\/maininnat\/","og_site_name":"Suomi&ndash;Englanti-k&auml;&auml;nn&ouml;kset","article_modified_time":"2026-02-13T15:20:17+00:00","twitter_card":"summary_large_image","schema":{"@context":"https:\/\/schema.org","@graph":[{"@type":"WebPage","@id":"https:\/\/tavestra.com\/maininnat\/","url":"https:\/\/tavestra.com\/maininnat\/","name":"Maininnat &#8211; Suomi&ndash;Englanti-k&auml;&auml;nn&ouml;kset","isPartOf":{"@id":"https:\/\/tavestra.com\/#website"},"datePublished":"2026-02-02T14:08:48+00:00","dateModified":"2026-02-13T15:20:17+00:00","breadcrumb":{"@id":"https:\/\/tavestra.com\/maininnat\/#breadcrumb"},"inLanguage":"en-GB","potentialAction":[{"@type":"ReadAction","target":["https:\/\/tavestra.com\/maininnat\/"]}]},{"@type":"BreadcrumbList","@id":"https:\/\/tavestra.com\/maininnat\/#breadcrumb","itemListElement":[{"@type":"ListItem","position":1,"name":"Etusivu","item":"https:\/\/tavestra.com\/"},{"@type":"ListItem","position":2,"name":"Maininnat"}]},{"@type":"WebSite","@id":"https:\/\/tavestra.com\/#website","url":"https:\/\/tavestra.com\/","name":"Suomi&ndash;Englanti-k&auml;&auml;nn&ouml;kset","description":"Tavestra-k&auml;&auml;nn&ouml;spalvelu","publisher":{"@id":"https:\/\/tavestra.com\/#organization"},"potentialAction":[{"@type":"SearchAction","target":{"@type":"EntryPoint","urlTemplate":"https:\/\/tavestra.com\/?s={search_term_string}"},"query-input":{"@type":"PropertyValueSpecification","valueRequired":true,"valueName":"search_term_string"}}],"inLanguage":"en-GB"},{"@type":"Organization","@id":"https:\/\/tavestra.com\/#organization","name":"Tavestra-k\u00e4\u00e4nn\u00f6spalvelu","alternateName":"K\u00e4\u00e4nt\u00e4j\u00e4 Tarja Vesterinen","url":"https:\/\/tavestra.com\/","logo":{"@type":"ImageObject","inLanguage":"en-GB","@id":"https:\/\/tavestra.com\/#\/schema\/logo\/image\/","url":"https:\/\/tavestra.com\/wp-content\/uploads\/2026\/02\/tavestra-logo.webp","contentUrl":"https:\/\/tavestra.com\/wp-content\/uploads\/2026\/02\/tavestra-logo.webp","width":1542,"height":429,"caption":"Tavestra-k\u00e4\u00e4nn\u00f6spalvelu"},"image":{"@id":"https:\/\/tavestra.com\/#\/schema\/logo\/image\/"},"sameAs":["https:\/\/www.linkedin.com\/in\/tarja-vesterinen-939b0297\/"]}]}},"_links":{"self":[{"href":"https:\/\/tavestra.com\/en\/wp-json\/wp\/v2\/pages\/72","targetHints":{"allow":["GET"]}}],"collection":[{"href":"https:\/\/tavestra.com\/en\/wp-json\/wp\/v2\/pages"}],"about":[{"href":"https:\/\/tavestra.com\/en\/wp-json\/wp\/v2\/types\/page"}],"author":[{"embeddable":true,"href":"https:\/\/tavestra.com\/en\/wp-json\/wp\/v2\/users\/2"}],"replies":[{"embeddable":true,"href":"https:\/\/tavestra.com\/en\/wp-json\/wp\/v2\/comments?post=72"}],"version-history":[{"count":0,"href":"https:\/\/tavestra.com\/en\/wp-json\/wp\/v2\/pages\/72\/revisions"}],"wp:attachment":[{"href":"https:\/\/tavestra.com\/en\/wp-json\/wp\/v2\/media?parent=72"}],"curies":[{"name":"wp","href":"https:\/\/api.w.org\/{rel}","templated":true}]}}