{"id":843,"date":"2026-02-12T06:46:47","date_gmt":"2026-02-12T06:46:47","guid":{"rendered":"https:\/\/tavestra.com\/?page_id=843"},"modified":"2026-03-02T08:19:31","modified_gmt":"2026-03-02T06:19:31","slug":"hinnoittelu","status":"publish","type":"page","link":"https:\/\/tavestra.com\/en\/hinnoittelu\/","title":{"rendered":"Pricing"},"content":{"rendered":"<div class=\"wp-block-group is-content-justification-left is-layout-constrained wp-container-core-group-is-layout-09686e84 wp-block-group-is-layout-constrained\" style=\"padding-top:0;padding-right:0;padding-bottom:0;padding-left:0\">\n<h1 class=\"wp-block-heading alignwide\" id=\"hinta-maarittyy-tyon-luonteen-perusteella\">Hinta m\u00e4\u00e4rittyy ty\u00f6n luonteen perusteella<\/h1>\n\n\n\n<p>Hinnoittelen k\u00e4\u00e4nt\u00e4misen palveluni ty\u00f6n luonteen perusteella. K\u00e4\u00e4nn\u00f6kset laskutan sanam\u00e4\u00e4r\u00e4n mukaan tai hinta per k\u00e4\u00e4nt\u00e4j\u00e4n sivu \/ 1560 merkki\u00e4. Oikoluvussa ja editoinnissa k\u00e4yt\u00e4n tuntihintaa. Kustannukseen vaikuttavat k\u00e4\u00e4nn\u00f6sten laajuus, haastavuustaso ja aikataulu. Teknisen alan teksti ja kiireellinen aikataulu yleens\u00e4 nostavat hintaa.<\/p>\n\n\n\n<p>Palautteesi kautta tulleet korjaukset valmiiseen k\u00e4\u00e4nn\u00f6kseen kuuluvat antamaani hintaan, kun k\u00e4\u00e4nn\u00f6ksen ty\u00f6nkuva tai laajuus ei muutu. Laskutan ty\u00f6ni aina tapauskohtaisesti, joten luotettavan hinta-arvion saat, kun olet minuun yhteydess\u00e4.<\/p>\n\n\n\n<h2 class=\"wp-block-heading\" id=\"kysy-hintaa-kaannoksellesi\">Kysy hintaa k\u00e4\u00e4nn\u00f6ksellesi:<\/h2>\n\n\n\n<div class=\"forminator-guttenberg\"><form id=\"forminator-module-238\" class=\"forminator-custom-form forminator-custom-form-238\" method=\"post\" data-forminator-render=\"0\" data-uid=\"69e1e70394cf9\" action=\"\"><div role=\"alert\" aria-live=\"polite\" class=\"forminator-response-message forminator-error\" aria-hidden=\"true\"><\/div><input type=\"hidden\" name=\"trp-form-language\" value=\"en\"\/><\/form><\/div>\n\n\n\n<p>050 536 4294 \/ info@tavestra.com<\/p>\n<\/div>","protected":false},"excerpt":{"rendered":"<p>Hinta m\u00e4\u00e4rittyy ty\u00f6n luonteen perusteella Hinnoittelen k\u00e4\u00e4nt\u00e4misen palveluni ty\u00f6n luonteen perusteella. K\u00e4\u00e4nn\u00f6kset laskutan sanam\u00e4\u00e4r\u00e4n mukaan tai hinta per k\u00e4\u00e4nt\u00e4j\u00e4n sivu \/ 1560 merkki\u00e4. Oikoluvussa ja editoinnissa k\u00e4yt\u00e4n tuntihintaa. Kustannukseen vaikuttavat k\u00e4\u00e4nn\u00f6sten laajuus, haastavuustaso ja aikataulu. Teknisen alan teksti ja kiireellinen aikataulu yleens\u00e4 nostavat hintaa. Palautteesi kautta tulleet korjaukset valmiiseen k\u00e4\u00e4nn\u00f6kseen kuuluvat antamaani hintaan, kun k\u00e4\u00e4nn\u00f6ksen [&hellip;]<\/p>\n","protected":false},"author":2,"featured_media":0,"parent":0,"menu_order":0,"comment_status":"closed","ping_status":"closed","template":"","meta":{"_gspb_post_css":"","footnotes":""},"class_list":["post-843","page","type-page","status-publish","hentry"],"blocksy_meta":{"page_structure_type":"type-3","styles_descriptor":{"styles":{"desktop":"","tablet":"","mobile":""},"google_fonts":[],"version":6}},"yoast_head":"<!-- This site is optimized with the Yoast SEO plugin v27.4 - https:\/\/yoast.com\/product\/yoast-seo-wordpress\/ -->\n<title>Suomi\u2013Englanti-k\u00e4\u00e4nn\u00f6sten hinta \u2013 Tavestra-k\u00e4\u00e4nn\u00f6spalvelu<\/title>\n<meta name=\"description\" content=\"Kustannukseen vaikuttavat k\u00e4\u00e4nn\u00f6sten laajuus, haastavuus ja aikataulu. Tekninen teksti ja kiireellinen aikataulu yleens\u00e4 nostavat hintaa.\" \/>\n<meta name=\"robots\" content=\"index, follow, max-snippet:-1, max-image-preview:large, max-video-preview:-1\" \/>\n<link rel=\"canonical\" href=\"https:\/\/tavestra.com\/en\/hinnoittelu\/\" \/>\n<meta property=\"og:locale\" content=\"en_GB\" \/>\n<meta property=\"og:type\" content=\"article\" \/>\n<meta property=\"og:title\" content=\"Suomi\u2013Englanti-k\u00e4\u00e4nn\u00f6sten hinta \u2013 Tavestra-k\u00e4\u00e4nn\u00f6spalvelu\" \/>\n<meta property=\"og:description\" content=\"Kustannukseen vaikuttavat k\u00e4\u00e4nn\u00f6sten laajuus, haastavuus ja aikataulu. Tekninen teksti ja kiireellinen aikataulu yleens\u00e4 nostavat hintaa.\" \/>\n<meta property=\"og:url\" content=\"https:\/\/tavestra.com\/en\/hinnoittelu\/\" \/>\n<meta property=\"og:site_name\" content=\"Suomi&ndash;Englanti-k&auml;&auml;nn&ouml;kset\" \/>\n<meta property=\"article:modified_time\" content=\"2026-03-02T06:19:31+00:00\" \/>\n<meta name=\"twitter:card\" content=\"summary_large_image\" \/>\n<meta name=\"twitter:label1\" content=\"Estimated reading time\" \/>\n\t<meta name=\"twitter:data1\" content=\"1 minute\" \/>\n<script type=\"application\/ld+json\" class=\"yoast-schema-graph\">{\"@context\":\"https:\\\/\\\/schema.org\",\"@graph\":[{\"@type\":\"WebPage\",\"@id\":\"https:\\\/\\\/tavestra.com\\\/hinnoittelu\\\/\",\"url\":\"https:\\\/\\\/tavestra.com\\\/hinnoittelu\\\/\",\"name\":\"Suomi\u2013Englanti-k\u00e4\u00e4nn\u00f6sten hinta \u2013 Tavestra-k\u00e4\u00e4nn\u00f6spalvelu\",\"isPartOf\":{\"@id\":\"https:\\\/\\\/tavestra.com\\\/#website\"},\"datePublished\":\"2026-02-12T06:46:47+00:00\",\"dateModified\":\"2026-03-02T06:19:31+00:00\",\"description\":\"Kustannukseen vaikuttavat k\u00e4\u00e4nn\u00f6sten laajuus, haastavuus ja aikataulu. Tekninen teksti ja kiireellinen aikataulu yleens\u00e4 nostavat hintaa.\",\"breadcrumb\":{\"@id\":\"https:\\\/\\\/tavestra.com\\\/hinnoittelu\\\/#breadcrumb\"},\"inLanguage\":\"en-GB\",\"potentialAction\":[{\"@type\":\"ReadAction\",\"target\":[\"https:\\\/\\\/tavestra.com\\\/hinnoittelu\\\/\"]}]},{\"@type\":\"BreadcrumbList\",\"@id\":\"https:\\\/\\\/tavestra.com\\\/hinnoittelu\\\/#breadcrumb\",\"itemListElement\":[{\"@type\":\"ListItem\",\"position\":1,\"name\":\"Etusivu\",\"item\":\"https:\\\/\\\/tavestra.com\\\/\"},{\"@type\":\"ListItem\",\"position\":2,\"name\":\"Hinnoittelu\"}]},{\"@type\":\"WebSite\",\"@id\":\"https:\\\/\\\/tavestra.com\\\/#website\",\"url\":\"https:\\\/\\\/tavestra.com\\\/\",\"name\":\"Suomi&ndash;Englanti-k&auml;&auml;nn&ouml;kset\",\"description\":\"Tavestra-k&auml;&auml;nn&ouml;spalvelu\",\"publisher\":{\"@id\":\"https:\\\/\\\/tavestra.com\\\/#organization\"},\"potentialAction\":[{\"@type\":\"SearchAction\",\"target\":{\"@type\":\"EntryPoint\",\"urlTemplate\":\"https:\\\/\\\/tavestra.com\\\/?s={search_term_string}\"},\"query-input\":{\"@type\":\"PropertyValueSpecification\",\"valueRequired\":true,\"valueName\":\"search_term_string\"}}],\"inLanguage\":\"en-GB\"},{\"@type\":\"Organization\",\"@id\":\"https:\\\/\\\/tavestra.com\\\/#organization\",\"name\":\"Tavestra-k\u00e4\u00e4nn\u00f6spalvelu\",\"alternateName\":\"K\u00e4\u00e4nt\u00e4j\u00e4 Tarja Vesterinen\",\"url\":\"https:\\\/\\\/tavestra.com\\\/\",\"logo\":{\"@type\":\"ImageObject\",\"inLanguage\":\"en-GB\",\"@id\":\"https:\\\/\\\/tavestra.com\\\/#\\\/schema\\\/logo\\\/image\\\/\",\"url\":\"https:\\\/\\\/tavestra.com\\\/wp-content\\\/uploads\\\/2026\\\/02\\\/tavestra-logo.webp\",\"contentUrl\":\"https:\\\/\\\/tavestra.com\\\/wp-content\\\/uploads\\\/2026\\\/02\\\/tavestra-logo.webp\",\"width\":1542,\"height\":429,\"caption\":\"Tavestra-k\u00e4\u00e4nn\u00f6spalvelu\"},\"image\":{\"@id\":\"https:\\\/\\\/tavestra.com\\\/#\\\/schema\\\/logo\\\/image\\\/\"},\"sameAs\":[\"https:\\\/\\\/www.linkedin.com\\\/in\\\/tarja-vesterinen-939b0297\\\/\"]}]}<\/script>\n<!-- \/ Yoast SEO plugin. -->","yoast_head_json":{"title":"Suomi\u2013Englanti-k\u00e4\u00e4nn\u00f6sten hinta \u2013 Tavestra-k\u00e4\u00e4nn\u00f6spalvelu","description":"Kustannukseen vaikuttavat k\u00e4\u00e4nn\u00f6sten laajuus, haastavuus ja aikataulu. Tekninen teksti ja kiireellinen aikataulu yleens\u00e4 nostavat hintaa.","robots":{"index":"index","follow":"follow","max-snippet":"max-snippet:-1","max-image-preview":"max-image-preview:large","max-video-preview":"max-video-preview:-1"},"canonical":"https:\/\/tavestra.com\/en\/hinnoittelu\/","og_locale":"en_GB","og_type":"article","og_title":"Suomi\u2013Englanti-k\u00e4\u00e4nn\u00f6sten hinta \u2013 Tavestra-k\u00e4\u00e4nn\u00f6spalvelu","og_description":"Kustannukseen vaikuttavat k\u00e4\u00e4nn\u00f6sten laajuus, haastavuus ja aikataulu. Tekninen teksti ja kiireellinen aikataulu yleens\u00e4 nostavat hintaa.","og_url":"https:\/\/tavestra.com\/en\/hinnoittelu\/","og_site_name":"Suomi&ndash;Englanti-k&auml;&auml;nn&ouml;kset","article_modified_time":"2026-03-02T06:19:31+00:00","twitter_card":"summary_large_image","twitter_misc":{"Estimated reading time":"1 minute"},"schema":{"@context":"https:\/\/schema.org","@graph":[{"@type":"WebPage","@id":"https:\/\/tavestra.com\/hinnoittelu\/","url":"https:\/\/tavestra.com\/hinnoittelu\/","name":"Suomi\u2013Englanti-k\u00e4\u00e4nn\u00f6sten hinta \u2013 Tavestra-k\u00e4\u00e4nn\u00f6spalvelu","isPartOf":{"@id":"https:\/\/tavestra.com\/#website"},"datePublished":"2026-02-12T06:46:47+00:00","dateModified":"2026-03-02T06:19:31+00:00","description":"Kustannukseen vaikuttavat k\u00e4\u00e4nn\u00f6sten laajuus, haastavuus ja aikataulu. Tekninen teksti ja kiireellinen aikataulu yleens\u00e4 nostavat hintaa.","breadcrumb":{"@id":"https:\/\/tavestra.com\/hinnoittelu\/#breadcrumb"},"inLanguage":"en-GB","potentialAction":[{"@type":"ReadAction","target":["https:\/\/tavestra.com\/hinnoittelu\/"]}]},{"@type":"BreadcrumbList","@id":"https:\/\/tavestra.com\/hinnoittelu\/#breadcrumb","itemListElement":[{"@type":"ListItem","position":1,"name":"Etusivu","item":"https:\/\/tavestra.com\/"},{"@type":"ListItem","position":2,"name":"Hinnoittelu"}]},{"@type":"WebSite","@id":"https:\/\/tavestra.com\/#website","url":"https:\/\/tavestra.com\/","name":"Suomi&ndash;Englanti-k&auml;&auml;nn&ouml;kset","description":"Tavestra-k&auml;&auml;nn&ouml;spalvelu","publisher":{"@id":"https:\/\/tavestra.com\/#organization"},"potentialAction":[{"@type":"SearchAction","target":{"@type":"EntryPoint","urlTemplate":"https:\/\/tavestra.com\/?s={search_term_string}"},"query-input":{"@type":"PropertyValueSpecification","valueRequired":true,"valueName":"search_term_string"}}],"inLanguage":"en-GB"},{"@type":"Organization","@id":"https:\/\/tavestra.com\/#organization","name":"Tavestra-k\u00e4\u00e4nn\u00f6spalvelu","alternateName":"K\u00e4\u00e4nt\u00e4j\u00e4 Tarja Vesterinen","url":"https:\/\/tavestra.com\/","logo":{"@type":"ImageObject","inLanguage":"en-GB","@id":"https:\/\/tavestra.com\/#\/schema\/logo\/image\/","url":"https:\/\/tavestra.com\/wp-content\/uploads\/2026\/02\/tavestra-logo.webp","contentUrl":"https:\/\/tavestra.com\/wp-content\/uploads\/2026\/02\/tavestra-logo.webp","width":1542,"height":429,"caption":"Tavestra-k\u00e4\u00e4nn\u00f6spalvelu"},"image":{"@id":"https:\/\/tavestra.com\/#\/schema\/logo\/image\/"},"sameAs":["https:\/\/www.linkedin.com\/in\/tarja-vesterinen-939b0297\/"]}]}},"_links":{"self":[{"href":"https:\/\/tavestra.com\/en\/wp-json\/wp\/v2\/pages\/843","targetHints":{"allow":["GET"]}}],"collection":[{"href":"https:\/\/tavestra.com\/en\/wp-json\/wp\/v2\/pages"}],"about":[{"href":"https:\/\/tavestra.com\/en\/wp-json\/wp\/v2\/types\/page"}],"author":[{"embeddable":true,"href":"https:\/\/tavestra.com\/en\/wp-json\/wp\/v2\/users\/2"}],"replies":[{"embeddable":true,"href":"https:\/\/tavestra.com\/en\/wp-json\/wp\/v2\/comments?post=843"}],"version-history":[{"count":0,"href":"https:\/\/tavestra.com\/en\/wp-json\/wp\/v2\/pages\/843\/revisions"}],"wp:attachment":[{"href":"https:\/\/tavestra.com\/en\/wp-json\/wp\/v2\/media?parent=843"}],"curies":[{"name":"wp","href":"https:\/\/api.w.org\/{rel}","templated":true}]}}